{"id":15,"date":"2015-02-23T10:17:47","date_gmt":"2015-02-23T08:17:47","guid":{"rendered":"http:\/\/feuerwehr-delkenheim.de\/?page_id=15"},"modified":"2026-01-02T22:32:38","modified_gmt":"2026-01-02T20:32:38","slug":"einsatzabteilung","status":"publish","type":"page","link":"https:\/\/feuerwehr-delkenheim.de\/?page_id=15","title":{"rendered":"Einsatzabteilung"},"content":{"rendered":"<p><img loading=\"lazy\" decoding=\"async\" class=\"aligncenter size-full wp-image-17\" src=\"https:\/\/feuerwehr-delkenheim.de\/wp-content\/uploads\/2015\/02\/aktive.jpg\" alt=\"Aktive\" width=\"600\" height=\"229\" srcset=\"https:\/\/feuerwehr-delkenheim.de\/wp-content\/uploads\/2015\/02\/aktive.jpg 600w, https:\/\/feuerwehr-delkenheim.de\/wp-content\/uploads\/2015\/02\/aktive-300x115.jpg 300w, https:\/\/feuerwehr-delkenheim.de\/wp-content\/uploads\/2015\/02\/aktive-500x191.jpg 500w\" sizes=\"auto, (max-width: 600px) 100vw, 600px\" \/><\/p>\n<p>Die Einsatzabteilung der Freiwilligen Feuerwehr Wiesbaden-Delkenheim stellt mit 22 aktiven Mitgliedern den Brandschutz und die Unterst\u00fctzung bei kleinen und gro\u00dfen technischen Hilfeleistungen sicher. Interessierte Mitb\u00fcrger und Mitb\u00fcrgerinnen, im Alter von siebzehn Jahren bis zur Erf\u00fcllung des sechzigsten Lebensjahres, k\u00f6nnen nach entsprechender Ausbildung und gesundheitlicher Eignung ihren Dienst in der Einsatzabteilung leisten. Bei Interesse wenden Sie sich bitte an die <a href=\"https:\/\/feuerwehr-delkenheim.de\/?page_id=89\">Wehrf\u00fchrung der Freiwilligen Feuerwehr Wiesbaden-Delkenheim<\/a> oder besuchen Sie uns einfach an einem \u00dcbungsabend.<\/p>\n<p><strong>Wir treffen uns seit 2023 w\u00f6chentlich im Wechsel Freitags um 20.00 Uhr und Mittwochs um 20.00 Uhr f\u00fcr jeweils zwei Stunden im Feuerwehrger\u00e4tehaus<\/strong>, Rathausplatz 2.<\/p>\n<p>Hier der <a href=\"https:\/\/feuerwehr-delkenheim.de\/wp-content\/uploads\/2026\/01\/DienstplanDelkenheim2026.pdf\">Dienstplan der Einsatzabteilung 2026<\/a><\/p>\n\n\n<p><\/p>\n","protected":false},"excerpt":{"rendered":"<p>Die Einsatzabteilung der Freiwilligen Feuerwehr Wiesbaden-Delkenheim stellt mit 22 aktiven Mitgliedern den Brandschutz und die Unterst\u00fctzung bei kleinen und gro\u00dfen technischen Hilfeleistungen sicher. Interessierte Mitb\u00fcrger und Mitb\u00fcrgerinnen, im Alter von siebzehn Jahren bis zur Erf\u00fcllung des sechzigsten Lebensjahres, k\u00f6nnen nach &hellip; <a href=\"https:\/\/feuerwehr-delkenheim.de\/?page_id=15\">Weiterlesen <span class=\"meta-nav\">&rarr;<\/span><\/a><\/p>\n","protected":false},"author":1,"featured_media":0,"parent":0,"menu_order":1,"comment_status":"closed","ping_status":"closed","template":"","meta":{"jetpack_post_was_ever_published":false,"footnotes":""},"class_list":["post-15","page","type-page","status-publish","hentry"],"jetpack_sharing_enabled":true,"_links":{"self":[{"href":"https:\/\/feuerwehr-delkenheim.de\/index.php?rest_route=\/wp\/v2\/pages\/15","targetHints":{"allow":["GET"]}}],"collection":[{"href":"https:\/\/feuerwehr-delkenheim.de\/index.php?rest_route=\/wp\/v2\/pages"}],"about":[{"href":"https:\/\/feuerwehr-delkenheim.de\/index.php?rest_route=\/wp\/v2\/types\/page"}],"author":[{"embeddable":true,"href":"https:\/\/feuerwehr-delkenheim.de\/index.php?rest_route=\/wp\/v2\/users\/1"}],"replies":[{"embeddable":true,"href":"https:\/\/feuerwehr-delkenheim.de\/index.php?rest_route=%2Fwp%2Fv2%2Fcomments&post=15"}],"version-history":[{"count":24,"href":"https:\/\/feuerwehr-delkenheim.de\/index.php?rest_route=\/wp\/v2\/pages\/15\/revisions"}],"predecessor-version":[{"id":2183,"href":"https:\/\/feuerwehr-delkenheim.de\/index.php?rest_route=\/wp\/v2\/pages\/15\/revisions\/2183"}],"wp:attachment":[{"href":"https:\/\/feuerwehr-delkenheim.de\/index.php?rest_route=%2Fwp%2Fv2%2Fmedia&parent=15"}],"curies":[{"name":"wp","href":"https:\/\/api.w.org\/{rel}","templated":true}]}}