{"id":31,"date":"2015-02-23T08:52:55","date_gmt":"2015-02-23T08:52:55","guid":{"rendered":"http:\/\/feuerwehr-delkenheim.de\/?page_id=31"},"modified":"2015-04-08T14:48:38","modified_gmt":"2015-04-08T13:48:38","slug":"chronik-der-jugendfeuerwehr-delkenheim","status":"publish","type":"page","link":"https:\/\/feuerwehr-delkenheim.de\/?page_id=31","title":{"rendered":"Chronik der Jugendfeuerwehr Delkenheim"},"content":{"rendered":"<p><img loading=\"lazy\" decoding=\"async\" src=\"\/wp-content\/uploads\/2015\/02\/chr12.jpg\" alt=\"chr12\" width=\"400\" height=\"282\" class=\"alignleft size-full wp-image-65\" srcset=\"https:\/\/feuerwehr-delkenheim.de\/wp-content\/uploads\/2015\/02\/chr12.jpg 400w, https:\/\/feuerwehr-delkenheim.de\/wp-content\/uploads\/2015\/02\/chr12-300x212.jpg 300w\" sizes=\"auto, (max-width: 400px) 100vw, 400px\" \/>Im Jahr 1983 wurde vom Vorstand der Freiwilligen Feuerwehr Wiesbaden &#8211; Delkenheim beschlossen eine Jugendfeuerwehr zur Sicherung des Nachwuchses zu gr\u00fcnden. Gesagt, getan, am 16.08.1983 wurde die Jugendfeuerwehr Delkenheim ins Leben gerufen. Die Jugendfeuerwehr Nordenstadt sowie der Stadtjugendfeuerwehrwart Klaus-Dieter Jung \u00fcbernahmen die Patenschaft von uns.<\/p>\n<p>Der Andrang an Jugendlichen war so gro\u00df, dass zeitweise zwei Gruppen gebildet werden mussten. Zum Jugendfeuerwehrwart wurde Herbert Brum gew\u00e4hlt, der mit Unterst\u00fctzung vieler Betreuer (Wolfgang Jirsch, Josef Sczudlek, Peter Domke und Gerhard Becht) die Jugendfeuerwehr aufbaute. Regelm\u00e4\u00dfig wurden zu den normalen \u00dcbungen noch Wettk\u00e4mpfe und Gro\u00df\u00fcbungen besucht. Da die Jugendarbeit viele Unkosten verursachte, wurde mit dem Einsammeln der ausgedienten Weihnachtsb\u00e4ume und der Spendenfreudigkeit der Delkenheimer B\u00fcrger eine bis heute erfolgreiche Einnahmequelle geschaffen. Zus\u00e4tzlich wurden in den Sommerferien Jugendfreizeiten durchgef\u00fchrt. Ziele waren Edersee, Schabeutz an der Ostsee und der Bayrische Wald. 1984 wurden die ersten Jugendlichen im Alter von 17 Jahren an die Einsatzabteilung \u00fcbergeben. Diese Auffrischung zeigte auch zahlreiche Erfolge bei den Kreisleistungs- und Bezirkswettk\u00e4mpfen.<\/p>\n<p><img loading=\"lazy\" decoding=\"async\" src=\"\/wp-content\/uploads\/2015\/02\/chr13.jpg\" alt=\"chr13\" width=\"400\" height=\"264\" class=\"alignright size-full wp-image-66\" srcset=\"https:\/\/feuerwehr-delkenheim.de\/wp-content\/uploads\/2015\/02\/chr13.jpg 400w, https:\/\/feuerwehr-delkenheim.de\/wp-content\/uploads\/2015\/02\/chr13-300x198.jpg 300w\" sizes=\"auto, (max-width: 400px) 100vw, 400px\" \/>Au\u00dferdem \u00fcbernahmen die so genannten \u201eFeuerwehrmannanw\u00e4rter\u201c aus den eigenen positiven Erfahrungen der Jugendarbeit die verantwortungsvolle Aufgabe als Betreuer in der Jugendfeuerwehr. 1985 wurde sogar den M\u00e4dchen die Mitgliedschaft in unserer Jugendfeuerwehr angeboten. Es konnten 1986 sechs M\u00e4dchen in die Jugendfeuerwehr aufgenommen werden. Zus\u00e4tzlich konnte auch in unserer Einsatzabteilung als erste Frau Andrea M\u00e4teling aufgenommen werden. 1988 wurde der sp\u00e4tere Wehrf\u00fchrer Hansj\u00f6rg Wink als stellvertretender Jugendfeuerwehrwart gew\u00e4hlt. Auch beim Verein sind die Jugendlichen bei Picknick, Fastnacht und der Kerb immer als Helfer eingesetzt worden. 1989 musste Herbert Brum aus beruflichen Gr\u00fcnden sein Amt niederlegen. Hansj\u00f6rg Wink r\u00fcckte nach als Jugendfeuerwehrwart und Kurt M\u00e4teling als sein Stellvertreter. Immer wieder wurden aus der Jugendfeuerwehr Mitglieder an die Einsatzabteilungen \u00fcbergeben.<\/p>\n<p><img loading=\"lazy\" decoding=\"async\" src=\"\/wp-content\/uploads\/2015\/02\/chr14.jpg\" alt=\"chr14\" width=\"400\" height=\"281\" class=\"alignleft size-full wp-image-67\" srcset=\"https:\/\/feuerwehr-delkenheim.de\/wp-content\/uploads\/2015\/02\/chr14.jpg 400w, https:\/\/feuerwehr-delkenheim.de\/wp-content\/uploads\/2015\/02\/chr14-300x211.jpg 300w\" sizes=\"auto, (max-width: 400px) 100vw, 400px\" \/>1991 waren fast 50% der Aktiven der Einsatzabteilung in der Jugendfeuerwehr gewesen. Es konnten sogar zwei erfolgreiche Wettkampfmannschaften gebildet werden, die auf der Kreis- und der Bezirksebene zahlreiche Erfolge erzielten. 1993 wurde das 10-j\u00e4hrige Jubil\u00e4um mit einer Akademischen Feier in der Aula der Karl-G\u00e4rtner-Schule sowie einem Vielseitigkeitswettbewerb, bei dem der zweiten Platz erzielt wurde, mit zahlreichen anderen Jugendfeuerwehren aus dem Umkreis gefeiert.<\/p>\n<p>1994 wurde durch eine Umstrukturierung des Vorstands Hansj\u00f6rg Wink zum Wehrf\u00fchrer und Vereinsvorsitzenden gew\u00e4hlt. Als neuer Jugendwart wurde in diesem Jahr Frank Bauer und Udo Cramer als sein Stellvertreter gew\u00e4hlt.<\/p>\n<p><img loading=\"lazy\" decoding=\"async\" src=\"\/wp-content\/uploads\/2015\/02\/chr17.jpg\" alt=\"chr17\" width=\"400\" height=\"231\" class=\"alignright size-full wp-image-70\" srcset=\"https:\/\/feuerwehr-delkenheim.de\/wp-content\/uploads\/2015\/02\/chr17.jpg 400w, https:\/\/feuerwehr-delkenheim.de\/wp-content\/uploads\/2015\/02\/chr17-300x173.jpg 300w\" sizes=\"auto, (max-width: 400px) 100vw, 400px\" \/>1997 wurde Frank Bauer zum Stadtjugendfeuerwehrwart der Stadt Wiesbaden gew\u00e4hlt. <\/p>\n<p>Ende 1998 kann endlich ein vereinseigenes Mannschaftstransportfahrzeug angeschafft werden. Dieses ist auch f\u00fcr den Transport der Jugendfeuerwehr unerl\u00e4sslich geworden. Zur Verbesserung der Ausbildungsm\u00f6glichkeiten kann im Jahr 1999 ein Lenzpumpenanh\u00e4nger (LPA) von der Berufsfeuerwehr Wiesbaden \u00fcbernommen werden.<\/p>\n<p>Einem niedrigen Mitgliederbestand im Jahr 2000 wurde mit der Brandschutzerziehung in den Kinderg\u00e4rten sowie der Grundschule entgegengewirkt. Auch die Begleitung der St. Martinsumz\u00fcge brachte der Jugendfeuerwehr neue Mitglieder. Aus zeitlichen Gr\u00fcnden legte Frank Bauer sein Amt als JF-Wart nieder. Udo Cramer wurde als sein Nachfolger sowie Stefan Lind als Stellvertreter gew\u00e4hlt.<\/p>\n<p><img loading=\"lazy\" decoding=\"async\" src=\"\/wp-content\/uploads\/2015\/02\/chr18.jpg\" alt=\"chr18\" width=\"400\" height=\"300\" class=\"alignleft size-full wp-image-71\" srcset=\"https:\/\/feuerwehr-delkenheim.de\/wp-content\/uploads\/2015\/02\/chr18.jpg 400w, https:\/\/feuerwehr-delkenheim.de\/wp-content\/uploads\/2015\/02\/chr18-300x225.jpg 300w\" sizes=\"auto, (max-width: 400px) 100vw, 400px\" \/>Im Jahr 2001 fand nach langer Zeit wieder ein Zeltlager zusammen mit anderen Jugendwehren aus dem Stadtgebiet statt.<\/p>\n<p>Aus gesundheitlichen Gr\u00fcnden musste Udo Cramer 2002 sein Amt niederlegen. Stefan Lind wurde zum Jugendwart und Martin Wolf als sein Stellvertreter gew\u00e4hlt. Am Delegiertentag des Stadtjugendfeuerwehrverbandes 2003 wurde Dennis Grebert zum Kassierer gew\u00e4hlt. In den Jahren 2002 bis 2005 nahmen wir an dem gemeinsamen Zeltlager des Stadtjugendfeuerwehrverbandes in Babenhausen (Bayern) teil.<\/p>\n<p><img loading=\"lazy\" decoding=\"async\" src=\"\/wp-content\/uploads\/2015\/02\/chr19.jpg\" alt=\"chr19\" width=\"400\" height=\"300\" class=\"alignright size-full wp-image-72\" srcset=\"https:\/\/feuerwehr-delkenheim.de\/wp-content\/uploads\/2015\/02\/chr19.jpg 400w, https:\/\/feuerwehr-delkenheim.de\/wp-content\/uploads\/2015\/02\/chr19-300x225.jpg 300w\" sizes=\"auto, (max-width: 400px) 100vw, 400px\" \/>2004 wurde erstmalig die Jugendflamme (Ausbildungsnachweis des Deutschen Jugendfeuerwehrverbandes) abgenommen. F\u00fcnf JF-Mitglieder bekamen das Abzeichen der Stufe 1 verliehen.<\/p>\n<p>Martin Wolf wurde im Jahr 2004 zum Jugendwart und Stefan Lind zu seinem Stellvertreter gew\u00e4hlt. Beim Bundeswettbewerb der Jugendfeuerwehren wurde ein dritter Platz, beim j\u00e4hrlichen Hallenfu\u00dfballturnier der JF Nordenstadt ein zweiter Platz erzielt.<\/p>\n<p><img loading=\"lazy\" decoding=\"async\" src=\"\/wp-content\/uploads\/2015\/02\/chr20.jpg\" alt=\"OLYMPUS DIGITAL CAMERA\" width=\"400\" height=\"300\" class=\"alignleft size-full wp-image-73\" srcset=\"https:\/\/feuerwehr-delkenheim.de\/wp-content\/uploads\/2015\/02\/chr20.jpg 400w, https:\/\/feuerwehr-delkenheim.de\/wp-content\/uploads\/2015\/02\/chr20-300x225.jpg 300w\" sizes=\"auto, (max-width: 400px) 100vw, 400px\" \/>Der Vorstand des Stadtjugendfeuerwehrverbandes um Dennis Grebert organisierte 2006 eine Gro\u00df\u00fcbung aller Jugendfeuerwehren der Stadt Wiesbaden auf dem Gel\u00e4nde der Karl-G\u00e4rtner-Schule in Delkenheim. Das allj\u00e4hrliche Zeltlager fand dieses Jahr in Schwangau statt.<\/p>\n<p><img loading=\"lazy\" decoding=\"async\" src=\"\/wp-content\/uploads\/2015\/02\/chr21.jpg\" alt=\"chr21\" width=\"400\" height=\"266\" class=\"alignright size-full wp-image-74\" srcset=\"https:\/\/feuerwehr-delkenheim.de\/wp-content\/uploads\/2015\/02\/chr21.jpg 400w, https:\/\/feuerwehr-delkenheim.de\/wp-content\/uploads\/2015\/02\/chr21-300x200.jpg 300w\" sizes=\"auto, (max-width: 400px) 100vw, 400px\" \/>Sechs Jugendfeuerwehrmitgliedern wurde 2007 die Jugendflamme Stufe 1 verliehen. Auf dem Marktplatz der Stadt Wiesbaden nahmen wir an der Gro\u00df\u00fcbung des Stadtverbandes teil. Unser Betreuer und amtierender Kassierer im Vorstand des Stadtjugendfeuerwehrverbandes Dennis Grebert wurde zum Stadtjugendfeuerwehrwart gew\u00e4hlt.<\/p>\n<p><img loading=\"lazy\" decoding=\"async\" src=\"\/wp-content\/uploads\/2015\/02\/chr22.jpg\" alt=\"chr22\" width=\"400\" height=\"300\" class=\"alignleft size-full wp-image-75\" srcset=\"https:\/\/feuerwehr-delkenheim.de\/wp-content\/uploads\/2015\/02\/chr22.jpg 400w, https:\/\/feuerwehr-delkenheim.de\/wp-content\/uploads\/2015\/02\/chr22-300x225.jpg 300w\" sizes=\"auto, (max-width: 400px) 100vw, 400px\" \/>In Kiel an der Ostsee verbrachten wir das Zeltlager 2007.<\/p>\n<p>R\u00fcckblickend auf die 25-j\u00e4hrige Geschichte der Jugendfeuerwehr Wiesbaden-Delkenheim kann gesagt werden, dass jederzeit verantwortungsbewusste, hilfreiche und gut ausgebildete Jugendliche ihren Dienst an der Allgemeinheit versehen haben. Wir w\u00fcnschen uns, dass dies auch in der Zukunft gelingen wird.<\/p>\n<p>2008 f\u00fchrte das j\u00e4hrliche Zeltlager wieder in den Schwangau nach Bayern. Zum 25-j\u00e4hrigen Jubil\u00e4um der Jugendfeuerwehr Delkenheim veranstalteten wir einen Aktionstag f\u00fcr Jugendliche mit Fahrzeugschau, Schau\u00fcbung und Drehleiterfahren auf dem Kerbeplatz in Delkenheim. Viele Wiesbadener Jugendfeuerwehren kamen zu Besuch. Ende 2008 kam aber die n\u00e4chste gro\u00dfe Ver\u00e4nderung in der Geschichte. Martin Wolf legte sein Amt als Jugendfeuerwehrwart im November aus pers\u00f6nlichen Gr\u00fcnden nieder und zog sich nach insgesamt 7 Jahren aus der Jugendarbeit zur\u00fcck. Sein Stellvertreter Patrick Krause wurde zum neuen Jugendfeuerwehrwart gew\u00e4hlt und Corinna Tauber zur stellv. Jugendfeuerwehrwartin. Noch im Dezember setzte sich die Jugendfeuerwehrleitung mit allen Betreuern und der Wehrf\u00fchrung zusammen und \u00fcberarbeitete ihr Grundkonzept f\u00fcr die Jugendarbeit.<\/p>\n<p>Schon 2009 wurde der neue Dienstplan dann wesentlich aufw\u00e4ndiger als bisher. Au\u00dfer in den Weihnachtsferien soll der Betrieb der Jugendfeuerwehr nun \u00fcber die sonstigen Schulferien hin aufrecht gehalten werden. Es wird besonders darauf geachtet, dass die Jugendfeuerwehrarbeit tats\u00e4chlich zu 50% nicht aus feuerwehrtechnischer, sondern aus allgemeiner Jugendarbeit besteht. Mindestens 1x im Monat findet irgend eine Aktion statt, die au\u00dferhalb des regelm\u00e4\u00dfigen 2-st\u00fcndigen w\u00f6chentlichen Treffens liegt. Erstmals wurde &#8211; wenn auch aus zeitlichen Gr\u00fcnden der Betreuer &#8211; nicht beim Zeltlager des Stadjtugendfeuerwehrverbandes mitgefahren. Stattdessen wurde eine 3-T\u00e4tige Kanutour auf der Lahn organisiert, bei der auch in Zelten \u00fcbernachtet wurde und erstmals auch selbst gekocht werden musste. Erstmals wagte man sich auch daran, dem allgemeinen neuen Trend folge zu Leisten und bot der Jugendfeuerwehr einen Berufsfeuerwehrtag an, bei dem die Jugendlichen 24h lang den Alltag eines Berufsfeuerwehrmannes simuliert bekommen. Hierzu tat man sich mit der Jugendfeuerwehr Naurod zusammen. <\/p>\n","protected":false},"excerpt":{"rendered":"<p>Im Jahr 1983 wurde vom Vorstand der Freiwilligen Feuerwehr Wiesbaden &#8211; Delkenheim beschlossen eine Jugendfeuerwehr zur Sicherung des Nachwuchses zu gr\u00fcnden. Gesagt, getan, am 16.08.1983 wurde die Jugendfeuerwehr Delkenheim ins Leben gerufen. Die Jugendfeuerwehr Nordenstadt sowie der Stadtjugendfeuerwehrwart Klaus-Dieter Jung &hellip; <a href=\"https:\/\/feuerwehr-delkenheim.de\/?page_id=31\">Weiterlesen <span class=\"meta-nav\">&rarr;<\/span><\/a><\/p>\n","protected":false},"author":1,"featured_media":0,"parent":23,"menu_order":0,"comment_status":"closed","ping_status":"closed","template":"","meta":{"footnotes":""},"class_list":["post-31","page","type-page","status-publish","hentry"],"jetpack_sharing_enabled":true,"_links":{"self":[{"href":"https:\/\/feuerwehr-delkenheim.de\/index.php?rest_route=\/wp\/v2\/pages\/31","targetHints":{"allow":["GET"]}}],"collection":[{"href":"https:\/\/feuerwehr-delkenheim.de\/index.php?rest_route=\/wp\/v2\/pages"}],"about":[{"href":"https:\/\/feuerwehr-delkenheim.de\/index.php?rest_route=\/wp\/v2\/types\/page"}],"author":[{"embeddable":true,"href":"https:\/\/feuerwehr-delkenheim.de\/index.php?rest_route=\/wp\/v2\/users\/1"}],"replies":[{"embeddable":true,"href":"https:\/\/feuerwehr-delkenheim.de\/index.php?rest_route=%2Fwp%2Fv2%2Fcomments&post=31"}],"version-history":[{"count":3,"href":"https:\/\/feuerwehr-delkenheim.de\/index.php?rest_route=\/wp\/v2\/pages\/31\/revisions"}],"predecessor-version":[{"id":179,"href":"https:\/\/feuerwehr-delkenheim.de\/index.php?rest_route=\/wp\/v2\/pages\/31\/revisions\/179"}],"up":[{"embeddable":true,"href":"https:\/\/feuerwehr-delkenheim.de\/index.php?rest_route=\/wp\/v2\/pages\/23"}],"wp:attachment":[{"href":"https:\/\/feuerwehr-delkenheim.de\/index.php?rest_route=%2Fwp%2Fv2%2Fmedia&parent=31"}],"curies":[{"name":"wp","href":"https:\/\/api.w.org\/{rel}","templated":true}]}}