{"id":45,"date":"2015-02-23T10:11:28","date_gmt":"2015-02-23T09:11:28","guid":{"rendered":"http:\/\/feuerwehr-delkenheim.de\/?page_id=45"},"modified":"2026-01-23T22:21:25","modified_gmt":"2026-01-23T20:21:25","slug":"impressum","status":"publish","type":"page","link":"https:\/\/feuerwehr-delkenheim.de\/?page_id=45","title":{"rendered":"Impressum"},"content":{"rendered":"<p>Freiwillige Feuerwehr Wiesbaden-Delkenheim<br \/>\nRathausplatz 2<br \/>\n65205 Wiesbaden<\/p>\n<p>Telefon: 06122 \u2013 50827<br \/>\nE-Mail: wehrfuehrung [at] feuerwehr-delkenheim [dot] de<\/p>\n<p>Wehrf\u00fchrer<br \/>\nDennis Grebert<br \/>\nAm Herrenst\u00fcck 5<br \/>\n65205 Wiesbaden<\/p>\n<p>&#8212;<\/p>\n<p>Freiwillige Feuerwehr Wiesbaden-Delkenheim e.V.<br \/>\nRathausplatz 2<br \/>\n65205 Wiesbaden<\/p>\n<p>Telefon: 06122 \u2013 50827<br \/>\nE-Mail: verein [at] feuerwehr-delkenheim [dot] de<\/p>\n<p>Gemeinschaftlich vertretungsbefugt:<br \/>\n1. Vorsitzender<br \/>\nDennis Grebert<br \/>\nAm Herrenst\u00fcck 5<br \/>\n65205 Wiesbaden<\/p>\n<p>Telefon: 0174 &#8211; 30 13 179<\/p>\n<p>(c) 2007 Freiwillige Feuerwehr Wiesbaden-Delkenheim e.V.<br \/>\nAlle Rechte vorbehalten.<\/p>\n<p>Die Einsatzabteilung und Jugendfeuerwehr sind Teil der Feuerwehr Wiesbaden:<br \/>\nLandeshauptstadt Wiesbaden<br \/>\nK\u00f6rperschaft des \u00f6ffentlichen Rechts<br \/>\n\u2013\u00a0Berufsfeuerwehr\u00a0\u2013<br \/>\nKurt-Schumacher-Ring\u00a016<br \/>\n65197 Wiesbaden<br \/>\nTelefon: 0611\u00a0\/\u00a0499-0<br \/>\nTelefax: 0611\u00a0\/\u00a0499-190<br \/>\nE-Mail: <a class=\"SP-encrypted-email\" title=\"E-Mail-Adresse - zum Kontaktformular bitte klicken \u2026\" href=\"https:\/\/www.wiesbaden.de\/microsite\/feuerwehr\/service\/content\/impressum.php?sp-mode=email&amp;sp-email=feuerwehr%3Ci%3Ewiesbaden%3C%2Fi%3Ede&amp;sp-email-crypt=136b590878da0e804ff224f3b3f3c684b5fed9a2d4446705\" data-sp-email=\"\">feuerwehr@<i>wiesbaden.<\/i>de<\/a><br \/>\n<a href=\"http:\/\/feuerwehr-wiesbaden.de\">www.feuerwehr-wiesbaden.de<\/a><\/p>\n<p>Alle Texte, Grafiken, Fotos, sowie Teile davon sind, falls nicht anderweitig gesch\u00fctzt, Eigentum der Freiwilligen Feuerwehr Wiesbaden-Delkenheim e.V. Zum privaten Gebrauch d\u00fcrfen die Inhalte kopiert und ausgedruckt werden.<\/p>\n<p>Jede Ver\u00f6ffentlichung oder gewerbliche Nutzung von Texten, Grafiken, Fotos, sowie Teilen davon, bedarf der vorherigen schriftlichen Genehmigung der Freiwilligen Feuerwehr Wiesbaden-Delkenheim e.V. Sie \u00fcbernimmt keinerlei Gew\u00e4hr f\u00fcr die Aktualit\u00e4t, Korrektheit, Vollst\u00e4ndigkeit oder Qualit\u00e4t der bereitgestellten Informationen.<\/p>\n<p>Wir \u00fcbernehmen keine Haftung f\u00fcr die Inhalte externer Links. F\u00fcr den Inhalt der verlinkten Seiten sind ausschlie\u00dflich deren Betreiber verantwortlich.<\/p>\n","protected":false},"excerpt":{"rendered":"<p>Freiwillige Feuerwehr Wiesbaden-Delkenheim Rathausplatz 2 65205 Wiesbaden Telefon: 06122 \u2013 50827 E-Mail: wehrfuehrung [at] feuerwehr-delkenheim [dot] de Wehrf\u00fchrer Dennis Grebert Am Herrenst\u00fcck 5 65205 Wiesbaden &#8212; Freiwillige Feuerwehr Wiesbaden-Delkenheim e.V. Rathausplatz 2 65205 Wiesbaden Telefon: 06122 \u2013 50827 E-Mail: verein &hellip; <a href=\"https:\/\/feuerwehr-delkenheim.de\/?page_id=45\">Weiterlesen <span class=\"meta-nav\">&rarr;<\/span><\/a><\/p>\n","protected":false},"author":1,"featured_media":0,"parent":0,"menu_order":5,"comment_status":"closed","ping_status":"closed","template":"","meta":{"jetpack_post_was_ever_published":false,"footnotes":""},"class_list":["post-45","page","type-page","status-publish","hentry"],"jetpack_sharing_enabled":true,"_links":{"self":[{"href":"https:\/\/feuerwehr-delkenheim.de\/index.php?rest_route=\/wp\/v2\/pages\/45","targetHints":{"allow":["GET"]}}],"collection":[{"href":"https:\/\/feuerwehr-delkenheim.de\/index.php?rest_route=\/wp\/v2\/pages"}],"about":[{"href":"https:\/\/feuerwehr-delkenheim.de\/index.php?rest_route=\/wp\/v2\/types\/page"}],"author":[{"embeddable":true,"href":"https:\/\/feuerwehr-delkenheim.de\/index.php?rest_route=\/wp\/v2\/users\/1"}],"replies":[{"embeddable":true,"href":"https:\/\/feuerwehr-delkenheim.de\/index.php?rest_route=%2Fwp%2Fv2%2Fcomments&post=45"}],"version-history":[{"count":9,"href":"https:\/\/feuerwehr-delkenheim.de\/index.php?rest_route=\/wp\/v2\/pages\/45\/revisions"}],"predecessor-version":[{"id":2194,"href":"https:\/\/feuerwehr-delkenheim.de\/index.php?rest_route=\/wp\/v2\/pages\/45\/revisions\/2194"}],"wp:attachment":[{"href":"https:\/\/feuerwehr-delkenheim.de\/index.php?rest_route=%2Fwp%2Fv2%2Fmedia&parent=45"}],"curies":[{"name":"wp","href":"https:\/\/api.w.org\/{rel}","templated":true}]}}