{"id":89,"date":"2015-02-28T02:18:04","date_gmt":"2015-02-28T01:18:04","guid":{"rendered":"http:\/\/feuerwehr-delkenheim.de\/?page_id=89"},"modified":"2026-03-22T22:55:57","modified_gmt":"2026-03-22T20:55:57","slug":"kontakt","status":"publish","type":"page","link":"https:\/\/feuerwehr-delkenheim.de\/?page_id=89","title":{"rendered":"Kontakt"},"content":{"rendered":"<h2>Aufnahme<\/h2>\n<p>Wenn Sie Mitglied im Verein Freiwillige Feuerwehr Wiesbaden-Delkenheim e.V. werden m\u00f6chten, oder sogar als aktives Mitglied beitreten m\u00f6chten, dann schicken Sie uns doch einfach diesen <a href=\"https:\/\/feuerwehr-delkenheim.de\/wp-content\/uploads\/2026\/03\/Aufnahmeantrag_SEPA.pdf\" target=\"_blank\" rel=\"noopener\">Aufnahmeantrag<\/a> ausgef\u00fcllt zu.<\/p>\n<h2>Feuerwehrger\u00e4tehaus<\/h2>\n<p>Rathausplatz 2<br \/>\n65205 Wiesbaden<br \/>\nTelefon: 06122 &#8211; 50827<\/p>\n<h2>Wehrf\u00fchrer<\/h2>\n<p>Dennis Grebert<br \/>\nAm Herrenst\u00fcck 5<br \/>\n65205 Wiesbaden<br \/>\nTelefon: 0174 &#8211; 30 13 179<br \/>\nE-Mail: wehrfuehrung [at] feuerwehr-delkenheim [dot] de<\/p>\n<h2>stellv. Wehrf\u00fchrer<\/h2>\n<p>Dirk Balzer<br \/>\nFichtelgebirgsstra\u00dfe 3<br \/>\n65205 Wiesbaden<br \/>\nE-Mail: wehrfuehrung [at] feuerwehr-delkenheim [dot] de<\/p>\n<h2>Vereinsvorsitzender<\/h2>\n<p>Dennis Grebert<br \/>\nAm Herrenst\u00fcck 5<br \/>\n65205 Wiesbaden<br \/>\nTelefon: 0174 &#8211; 30 13 179<br \/>\nE-Mail: verein [at] feuerwehr-delkenheim [dot] de<\/p>\n<h2>stellv. Vereinsvorsitzender<\/h2>\n<p>Peter Gabriel<br \/>\nFreiburger Stra\u00dfe 12<br \/>\n65205 Wiesbaden<br \/>\nTelefon: <span class=\"editSpan\">0171 &#8211; 69 16 791 <\/span><br \/>\nE-Mail: verein [at] feuerwehr-delkenheim [dot] de<\/p>\n<h2>Jugendwart<\/h2>\n<p>Patrick Krause<br \/>\nBiebricher Allee 38<br \/>\n65187 Wiesbaden<br \/>\nTelefon:\u00a0<span class=\"editSpan\">01520 88 21 706 <\/span><br \/>\nE-Mail: jugend [at] feuerwehr-delkenheim [dot] de<\/p>\n","protected":false},"excerpt":{"rendered":"<p>Aufnahme Wenn Sie Mitglied im Verein Freiwillige Feuerwehr Wiesbaden-Delkenheim e.V. werden m\u00f6chten, oder sogar als aktives Mitglied beitreten m\u00f6chten, dann schicken Sie uns doch einfach diesen Aufnahmeantrag ausgef\u00fcllt zu. Feuerwehrger\u00e4tehaus Rathausplatz 2 65205 Wiesbaden Telefon: 06122 &#8211; 50827 Wehrf\u00fchrer Dennis &hellip; <a href=\"https:\/\/feuerwehr-delkenheim.de\/?page_id=89\">Weiterlesen <span class=\"meta-nav\">&rarr;<\/span><\/a><\/p>\n","protected":false},"author":1,"featured_media":0,"parent":0,"menu_order":4,"comment_status":"closed","ping_status":"closed","template":"","meta":{"jetpack_post_was_ever_published":false,"footnotes":""},"class_list":["post-89","page","type-page","status-publish","hentry"],"jetpack_sharing_enabled":true,"_links":{"self":[{"href":"https:\/\/feuerwehr-delkenheim.de\/index.php?rest_route=\/wp\/v2\/pages\/89","targetHints":{"allow":["GET"]}}],"collection":[{"href":"https:\/\/feuerwehr-delkenheim.de\/index.php?rest_route=\/wp\/v2\/pages"}],"about":[{"href":"https:\/\/feuerwehr-delkenheim.de\/index.php?rest_route=\/wp\/v2\/types\/page"}],"author":[{"embeddable":true,"href":"https:\/\/feuerwehr-delkenheim.de\/index.php?rest_route=\/wp\/v2\/users\/1"}],"replies":[{"embeddable":true,"href":"https:\/\/feuerwehr-delkenheim.de\/index.php?rest_route=%2Fwp%2Fv2%2Fcomments&post=89"}],"version-history":[{"count":13,"href":"https:\/\/feuerwehr-delkenheim.de\/index.php?rest_route=\/wp\/v2\/pages\/89\/revisions"}],"predecessor-version":[{"id":2225,"href":"https:\/\/feuerwehr-delkenheim.de\/index.php?rest_route=\/wp\/v2\/pages\/89\/revisions\/2225"}],"wp:attachment":[{"href":"https:\/\/feuerwehr-delkenheim.de\/index.php?rest_route=%2Fwp%2Fv2%2Fmedia&parent=89"}],"curies":[{"name":"wp","href":"https:\/\/api.w.org\/{rel}","templated":true}]}}